{"id":272,"date":"2021-06-17T13:19:26","date_gmt":"2021-06-17T13:19:26","guid":{"rendered":"https:\/\/it.halleykm.md\/?page_id=272"},"modified":"2021-07-02T11:45:10","modified_gmt":"2021-07-02T11:45:10","slug":"etape","status":"publish","type":"page","link":"https:\/\/it.halleykm.md\/ru\/etape\/","title":{"rendered":"\u042d\u0442\u0430\u043f\u044b \u043e\u043a\u0430\u0437\u0430\u043d\u0438\u044f \u0443\u0441\u043b\u0443\u0433"},"content":{"rendered":"<div data-elementor-type=\"wp-page\" data-elementor-id=\"272\" class=\"elementor elementor-272\">\n\t\t\t\t\t\t<section class=\"elementor-section elementor-top-section elementor-element elementor-element-ab03dd6 elementor-section-boxed elementor-section-height-default elementor-section-height-default\" data-id=\"ab03dd6\" data-element_type=\"section\">\n\t\t\t\t\t\t<div class=\"elementor-container elementor-column-gap-default\">\n\t\t\t\t\t<div class=\"elementor-column elementor-col-100 elementor-top-column elementor-element elementor-element-202827f\" data-id=\"202827f\" data-element_type=\"column\">\n\t\t\t<div class=\"elementor-widget-wrap elementor-element-populated\">\n\t\t\t\t\t\t<div class=\"elementor-element elementor-element-b849b64 elementor-widget elementor-widget-heading\" data-id=\"b849b64\" data-element_type=\"widget\" data-widget_type=\"heading.default\">\n\t\t\t\t<div class=\"elementor-widget-container\">\n\t\t\t\t\t<h1 class=\"elementor-heading-title elementor-size-default\">\u042d\u0442\u0430\u043f\u044b \u043e\u043a\u0430\u0437\u0430\u043d\u0438\u044f \u0443\u0441\u043b\u0443\u0433<\/h1>\t\t\t\t<\/div>\n\t\t\t\t<\/div>\n\t\t\t\t<div class=\"elementor-element elementor-element-18a4fdb elementor-widget elementor-widget-text-editor\" data-id=\"18a4fdb\" data-element_type=\"widget\" data-widget_type=\"text-editor.default\">\n\t\t\t\t<div class=\"elementor-widget-container\">\n\t\t\t\t\t\t\t\t\t<p><strong>Prestarea serviciilor puse la dispozi\u021bie de Halley KM se realizeaz\u0103 \u00een conformitate cu un plan eficient \u0219i flexibil. Colabor\u0103m \u00eempreun\u0103 cu clien\u021bii no\u0219tri pentru a stabili cele mai eficiente modalit\u0103\u021bi de ac\u021biune \u0219i a atinge rezultate durabile \u0219i reciproc avantajoase. Procesul de lucru cuprinde urm\u0103toarelor etape:<\/strong><\/p>\t\t\t\t\t\t\t\t<\/div>\n\t\t\t\t<\/div>\n\t\t\t\t<div class=\"elementor-element elementor-element-f11a95b elementor-position-inline-start elementor-view-default elementor-mobile-position-block-start elementor-widget elementor-widget-icon-box\" data-id=\"f11a95b\" data-element_type=\"widget\" data-widget_type=\"icon-box.default\">\n\t\t\t\t<div class=\"elementor-widget-container\">\n\t\t\t\t\t\t\t<div class=\"elementor-icon-box-wrapper\">\n\n\t\t\t\t\t\t<div class=\"elementor-icon-box-icon\">\n\t\t\t\t<span  class=\"elementor-icon\">\n\t\t\t\t<i aria-hidden=\"true\" class=\"far fa-list-alt\"><\/i>\t\t\t\t<\/span>\n\t\t\t<\/div>\n\t\t\t\n\t\t\t\t\t\t<div class=\"elementor-icon-box-content\">\n\n\t\t\t\t\t\t\t\t\t<h2 class=\"elementor-icon-box-title\">\n\t\t\t\t\t\t<span  >\n\t\t\t\t\t\t\t 1. \u042d\u043a\u0441\u043f\u0435\u0440\u0442\u0438\u0437\u0430\t\t\t\t\t\t<\/span>\n\t\t\t\t\t<\/h2>\n\t\t\t\t\n\t\t\t\t\t\t\t\t\t<p class=\"elementor-icon-box-description\">\n\t\t\t\t\t\t- \u041f\u0440\u043e\u0432\u0435\u0434\u0435\u043d\u0438\u0435 \u0430\u0443\u0434\u0438\u0442\u0430 \u0441\u0443\u0449\u0435\u0441\u0442\u0432\u0443\u044e\u0449\u0435\u0439 \u0438\u043d\u0444\u0440\u0430\u0441\u0442\u0440\u0443\u043a\u0442\u0443\u0440\u044b;<br>\n- \u0412\u044b\u044f\u0432\u043b\u0435\u043d\u0438\u0435 \u0441\u043b\u0430\u0431\u044b\u0445 \u043c\u0435\u0441\u0442 \u0432 \u0438\u043d\u0444\u0440\u0430\u0441\u0442\u0440\u0443\u043a\u0442\u0443\u0440\u0435 \u043a\u043b\u0438\u0435\u043d\u0442\u0430;<br>\t\t\t\t\t<\/p>\n\t\t\t\t\n\t\t\t<\/div>\n\t\t\t\n\t\t<\/div>\n\t\t\t\t\t\t<\/div>\n\t\t\t\t<\/div>\n\t\t\t\t<div class=\"elementor-element elementor-element-f279eb1 elementor-position-inline-start elementor-view-default elementor-mobile-position-block-start elementor-widget elementor-widget-icon-box\" data-id=\"f279eb1\" data-element_type=\"widget\" data-widget_type=\"icon-box.default\">\n\t\t\t\t<div class=\"elementor-widget-container\">\n\t\t\t\t\t\t\t<div class=\"elementor-icon-box-wrapper\">\n\n\t\t\t\t\t\t<div class=\"elementor-icon-box-icon\">\n\t\t\t\t<span  class=\"elementor-icon\">\n\t\t\t\t<i aria-hidden=\"true\" class=\"fas fa-list-ol\"><\/i>\t\t\t\t<\/span>\n\t\t\t<\/div>\n\t\t\t\n\t\t\t\t\t\t<div class=\"elementor-icon-box-content\">\n\n\t\t\t\t\t\t\t\t\t<h2 class=\"elementor-icon-box-title\">\n\t\t\t\t\t\t<span  >\n\t\t\t\t\t\t\t2. \u041f\u043e\u0434\u0433\u043e\u0442\u043e\u0432\u043a\u0430 \u043f\u043b\u0430\u043d\u0430 \u044d\u0444\u0444\u0435\u043a\u0442\u0438\u0432\u043d\u043e\u0441\u0442\u0438 \u0438\u043d\u0444\u0440\u0430\u0441\u0442\u0440\u0443\u043a\u0442\u0443\u0440\u044b.\t\t\t\t\t\t<\/span>\n\t\t\t\t\t<\/h2>\n\t\t\t\t\n\t\t\t\t\t\t\t\t\t<p class=\"elementor-icon-box-description\">\n\t\t\t\t\t\t- \u041e\u043f\u0440\u0435\u0434\u0435\u043b\u0435\u043d\u0438\u0435 \u043d\u0430\u0438\u0431\u043e\u043b\u0435\u0435 \u044d\u0444\u0444\u0435\u043a\u0442\u0438\u0432\u043d\u044b\u0445 \u0440\u0435\u0448\u0435\u043d\u0438\u0439 \u0438\u0441\u0445\u043e\u0434\u044f \u0438\u0437 \u043f\u043e\u0442\u0440\u0435\u0431\u043d\u043e\u0441\u0442\u0435\u0439 \u0438 \u0432\u043e\u0437\u043c\u043e\u0436\u043d\u043e\u0441\u0442\u0435\u0439 \u043a\u043b\u0438\u0435\u043d\u0442\u043e\u0432;<br>\n\n- \u041f\u043e\u0438\u0441\u043a \u043f\u043e\u0434\u0445\u043e\u0434\u044f\u0449\u0438\u0445 \u043f\u043e\u0441\u0442\u0430\u0432\u0449\u0438\u043a\u043e\u0432;<br>\n\n- \u041f\u0440\u0438\u043e\u0431\u0440\u0435\u0442\u0435\u043d\u0438\u0435, \u0443\u0441\u0442\u0430\u043d\u043e\u0432\u043a\u0430 \u0438 \u0442\u0435\u0441\u0442\u0438\u0440\u043e\u0432\u0430\u043d\u0438\u0435 \u043e\u0431\u043e\u0440\u0443\u0434\u043e\u0432\u0430\u043d\u0438\u044f \u0432 \u0441\u043b\u0443\u0447\u0430\u0435 \u043d\u0435\u043e\u0431\u0445\u043e\u0434\u0438\u043c\u043e\u0441\u0442\u0438;<br>\t\t\t\t\t<\/p>\n\t\t\t\t\n\t\t\t<\/div>\n\t\t\t\n\t\t<\/div>\n\t\t\t\t\t\t<\/div>\n\t\t\t\t<\/div>\n\t\t\t\t<div class=\"elementor-element elementor-element-3f11288 elementor-position-inline-start elementor-view-default elementor-mobile-position-block-start elementor-widget elementor-widget-icon-box\" data-id=\"3f11288\" data-element_type=\"widget\" data-widget_type=\"icon-box.default\">\n\t\t\t\t<div class=\"elementor-widget-container\">\n\t\t\t\t\t\t\t<div class=\"elementor-icon-box-wrapper\">\n\n\t\t\t\t\t\t<div class=\"elementor-icon-box-icon\">\n\t\t\t\t<span  class=\"elementor-icon\">\n\t\t\t\t<i aria-hidden=\"true\" class=\"far fa-calendar-check\"><\/i>\t\t\t\t<\/span>\n\t\t\t<\/div>\n\t\t\t\n\t\t\t\t\t\t<div class=\"elementor-icon-box-content\">\n\n\t\t\t\t\t\t\t\t\t<h2 class=\"elementor-icon-box-title\">\n\t\t\t\t\t\t<span  >\n\t\t\t\t\t\t\t 3. \u0422\u0435\u0445\u043d\u0438\u0447\u0435\u0441\u043a\u043e\u0435 \u043e\u0431\u0441\u043b\u0443\u0436\u0438\u0432\u0430\u043d\u0438\u0435 \u0438 \u043a\u043e\u043d\u0441\u0443\u043b\u044c\u0442\u0430\u0446\u0438\u0438\t\t\t\t\t\t<\/span>\n\t\t\t\t\t<\/h2>\n\t\t\t\t\n\t\t\t\t\t\t\t\t\t<p class=\"elementor-icon-box-description\">\n\t\t\t\t\t\t- \u043f\u0440\u0438\u0441\u0432\u043e\u0435\u043d\u0438\u0435 \u0438\u043d\u0432\u0435\u043d\u0442\u0430\u0440\u043d\u044b\u0445 \u043d\u043e\u043c\u0435\u0440\u043e\u0432 \u0434\u043b\u044f \u0443\u0447\u0435\u0442\u0430 \u043e\u0431\u043e\u0440\u0443\u0434\u043e\u0432\u0430\u043d\u0438\u044f;<br>\n\u2013 Asigur\u0103m \u00eentre\u021binerea echipamentului \u00een func\u021bie de op\u021biunea contractual\u0103 aleas\u0103 de client;<br>\n\u2013 Oferim consultan\u021b\u0103 prin telefon \u0219i asisten\u021b\u0103 remote.<br>\t\t\t\t\t<\/p>\n\t\t\t\t\n\t\t\t<\/div>\n\t\t\t\n\t\t<\/div>\n\t\t\t\t\t\t<\/div>\n\t\t\t\t<\/div>\n\t\t\t\t<div class=\"elementor-element elementor-element-d71a8b0 elementor-widget elementor-widget-spacer\" data-id=\"d71a8b0\" data-element_type=\"widget\" data-widget_type=\"spacer.default\">\n\t\t\t\t<div class=\"elementor-widget-container\">\n\t\t\t\t\t\t\t<div class=\"elementor-spacer\">\n\t\t\t<div class=\"elementor-spacer-inner\"><\/div>\n\t\t<\/div>\n\t\t\t\t\t\t<\/div>\n\t\t\t\t<\/div>\n\t\t\t\t\t<\/div>\n\t\t<\/div>\n\t\t\t\t\t<\/div>\n\t\t<\/section>\n\t\t\t\t<section class=\"elementor-section elementor-top-section elementor-element elementor-element-5ac024f elementor-section-boxed elementor-section-height-default elementor-section-height-default\" data-id=\"5ac024f\" data-element_type=\"section\">\n\t\t\t\t\t\t<div class=\"elementor-container elementor-column-gap-default\">\n\t\t\t\t\t<div class=\"elementor-column elementor-col-100 elementor-top-column elementor-element elementor-element-0ba52bc\" data-id=\"0ba52bc\" data-element_type=\"column\">\n\t\t\t<div class=\"elementor-widget-wrap elementor-element-populated\">\n\t\t\t\t\t\t<div class=\"elementor-element elementor-element-5d89ff0 elementor-widget elementor-widget-heading\" data-id=\"5d89ff0\" data-element_type=\"widget\" data-widget_type=\"heading.default\">\n\t\t\t\t<div class=\"elementor-widget-container\">\n\t\t\t\t\t<h1 class=\"elementor-heading-title elementor-size-default\">Contacteaz\u0103-ne\u200b<\/h1>\t\t\t\t<\/div>\n\t\t\t\t<\/div>\n\t\t\t\t<div class=\"elementor-element elementor-element-4a14478 elementor-widget elementor-widget-html\" data-id=\"4a14478\" data-element_type=\"widget\" data-widget_type=\"html.default\">\n\t\t\t\t<div class=\"elementor-widget-container\">\n\t\t\t\t\t\r\n<div class=\"form-contact\">\r\n\n<div class=\"wpcf7 no-js\" id=\"wpcf7-f924-o1\" lang=\"ro-RO\" dir=\"ltr\" data-wpcf7-id=\"924\">\n<div class=\"screen-reader-response\"><p role=\"status\" aria-live=\"polite\" aria-atomic=\"true\"><\/p> <ul><\/ul><\/div>\n<form action=\"\/ru\/wp-json\/wp\/v2\/pages\/272#wpcf7-f924-o1\" method=\"post\" class=\"wpcf7-form init\" aria-label=\"Formular de contact\" novalidate=\"novalidate\" data-status=\"init\" data-trp-original-action=\"\/ru\/wp-json\/wp\/v2\/pages\/272#wpcf7-f924-o1\">\n<fieldset class=\"hidden-fields-container\"><input type=\"hidden\" name=\"_wpcf7\" value=\"924\" \/><input type=\"hidden\" name=\"_wpcf7_version\" value=\"6.1.4\" \/><input type=\"hidden\" name=\"_wpcf7_locale\" value=\"ro_RO\" \/><input type=\"hidden\" name=\"_wpcf7_unit_tag\" value=\"wpcf7-f924-o1\" \/><input type=\"hidden\" name=\"_wpcf7_container_post\" value=\"0\" \/><input type=\"hidden\" name=\"_wpcf7_posted_data_hash\" value=\"\" \/>\n<\/fieldset>\n<p><label> \u0418\u043c\u044f<br \/>\n<span class=\"wpcf7-form-control-wrap\" data-name=\"your-name\"><input size=\"40\" maxlength=\"400\" class=\"wpcf7-form-control wpcf7-text wpcf7-validates-as-required\" aria-required=\"true\" aria-invalid=\"false\" value=\"\" type=\"text\" name=\"your-name\" \/><\/span> <\/label>\n<\/p>\n<p><label> Email<br \/>\n<span class=\"wpcf7-form-control-wrap\" data-name=\"your-email\"><input size=\"40\" maxlength=\"400\" class=\"wpcf7-form-control wpcf7-email wpcf7-validates-as-required wpcf7-text wpcf7-validates-as-email\" aria-required=\"true\" aria-invalid=\"false\" value=\"\" type=\"email\" name=\"your-email\" \/><\/span> <\/label>\n<\/p>\n<p><label> \u0421\u043e\u043e\u0431\u0449\u0435\u043d\u0438\u0435<br \/>\n<span class=\"wpcf7-form-control-wrap\" data-name=\"your-message\"><textarea cols=\"40\" rows=\"10\" maxlength=\"2000\" class=\"wpcf7-form-control wpcf7-textarea wpcf7-validates-as-required\" aria-required=\"true\" aria-invalid=\"false\" name=\"your-message\"><\/textarea><\/span> <\/label>\n<\/p>\n<p><input class=\"wpcf7-form-control wpcf7-submit has-spinner\" type=\"submit\" value=\"\u041e\u0442\u043f\u0440\u0430\u0432\u0438\u0442\u044c\" \/>\n<\/p><div class=\"wpcf7-response-output\" aria-hidden=\"true\"><\/div>\n<input type=\"hidden\" name=\"trp-form-language\" value=\"ru\"\/><\/form>\n<\/div>\n\r\n<\/div>\t\t\t\t<\/div>\n\t\t\t\t<\/div>\n\t\t\t\t\t<\/div>\n\t\t<\/div>\n\t\t\t\t\t<\/div>\n\t\t<\/section>\n\t\t\t\t<\/div>","protected":false},"excerpt":{"rendered":"<p>Etapele de acordare a serviciilor Prestarea serviciilor puse la dispozi\u021bie de Halley KM se realizeaz\u0103 \u00een conformitate cu un plan eficient \u0219i flexibil. Colabor\u0103m \u00eempreun\u0103 cu clien\u021bii no\u0219tri pentru a&hellip;<\/p>","protected":false},"author":1,"featured_media":0,"parent":0,"menu_order":0,"comment_status":"closed","ping_status":"closed","template":"elementor_header_footer","meta":{"footnotes":""},"class_list":["post-272","page","type-page","status-publish","hentry"],"yoast_head":"<!-- This site is optimized with the Yoast SEO plugin v26.8 - https:\/\/yoast.com\/product\/yoast-seo-wordpress\/ -->\n<title>Etapele de acordare a serviciilor - Halley Outsourcing<\/title>\n<meta name=\"robots\" content=\"index, follow, max-snippet:-1, max-image-preview:large, max-video-preview:-1\" \/>\n<link rel=\"canonical\" href=\"https:\/\/it.halleykm.md\/ru\/etape\/\" \/>\n<meta property=\"og:locale\" content=\"ru_RU\" \/>\n<meta property=\"og:type\" content=\"article\" \/>\n<meta property=\"og:title\" content=\"Etapele de acordare a serviciilor - Halley Outsourcing\" \/>\n<meta property=\"og:description\" content=\"Etapele de acordare a serviciilor Prestarea serviciilor puse la dispozi\u021bie de Halley KM se realizeaz\u0103 \u00een conformitate cu un plan eficient \u0219i flexibil. Colabor\u0103m \u00eempreun\u0103 cu clien\u021bii no\u0219tri pentru a&hellip;\" \/>\n<meta property=\"og:url\" content=\"https:\/\/it.halleykm.md\/ru\/etape\/\" \/>\n<meta property=\"og:site_name\" content=\"Halley Outsourcing\" \/>\n<meta property=\"article:publisher\" content=\"https:\/\/www.facebook.com\/halleycahul\" \/>\n<meta property=\"article:modified_time\" content=\"2021-07-02T11:45:10+00:00\" \/>\n<meta name=\"twitter:card\" content=\"summary_large_image\" \/>\n<meta name=\"twitter:label1\" content=\"\u041f\u0440\u0438\u043c\u0435\u0440\u043d\u043e\u0435 \u0432\u0440\u0435\u043c\u044f \u0434\u043b\u044f \u0447\u0442\u0435\u043d\u0438\u044f\" \/>\n\t<meta name=\"twitter:data1\" content=\"1 \u043c\u0438\u043d\u0443\u0442\u0430\" \/>\n<script type=\"application\/ld+json\" class=\"yoast-schema-graph\">{\"@context\":\"https:\/\/schema.org\",\"@graph\":[{\"@type\":\"WebPage\",\"@id\":\"https:\/\/it.halleykm.md\/ru\/etape\/\",\"url\":\"https:\/\/it.halleykm.md\/ru\/etape\/\",\"name\":\"Etapele de acordare a serviciilor - Halley Outsourcing\",\"isPartOf\":{\"@id\":\"https:\/\/it.halleykm.md\/ru\/#website\"},\"datePublished\":\"2021-06-17T13:19:26+00:00\",\"dateModified\":\"2021-07-02T11:45:10+00:00\",\"breadcrumb\":{\"@id\":\"https:\/\/it.halleykm.md\/ru\/etape\/#breadcrumb\"},\"inLanguage\":\"ru-RU\",\"potentialAction\":[{\"@type\":\"ReadAction\",\"target\":[\"https:\/\/it.halleykm.md\/ru\/etape\/\"]}]},{\"@type\":\"BreadcrumbList\",\"@id\":\"https:\/\/it.halleykm.md\/ru\/etape\/#breadcrumb\",\"itemListElement\":[{\"@type\":\"ListItem\",\"position\":1,\"name\":\"Prima pagin\u0103\",\"item\":\"https:\/\/it.halleykm.md\/\"},{\"@type\":\"ListItem\",\"position\":2,\"name\":\"Etapele de acordare a serviciilor\"}]},{\"@type\":\"WebSite\",\"@id\":\"https:\/\/it.halleykm.md\/ru\/#website\",\"url\":\"https:\/\/it.halleykm.md\/ru\/\",\"name\":\"Halley Outsourcing\",\"description\":\"\",\"publisher\":{\"@id\":\"https:\/\/it.halleykm.md\/ru\/#organization\"},\"potentialAction\":[{\"@type\":\"SearchAction\",\"target\":{\"@type\":\"EntryPoint\",\"urlTemplate\":\"https:\/\/it.halleykm.md\/ru\/?s={search_term_string}\"},\"query-input\":{\"@type\":\"PropertyValueSpecification\",\"valueRequired\":true,\"valueName\":\"search_term_string\"}}],\"inLanguage\":\"ru-RU\"},{\"@type\":\"Organization\",\"@id\":\"https:\/\/it.halleykm.md\/ru\/#organization\",\"name\":\"Halley Ousourcing\",\"url\":\"https:\/\/it.halleykm.md\/ru\/\",\"logo\":{\"@type\":\"ImageObject\",\"inLanguage\":\"ru-RU\",\"@id\":\"https:\/\/it.halleykm.md\/ru\/#\/schema\/logo\/image\/\",\"url\":\"https:\/\/it.halleykm.md\/wp-content\/uploads\/2021\/06\/cropped-LogoKM-white.png\",\"contentUrl\":\"https:\/\/it.halleykm.md\/wp-content\/uploads\/2021\/06\/cropped-LogoKM-white.png\",\"width\":182,\"height\":69,\"caption\":\"Halley Ousourcing\"},\"image\":{\"@id\":\"https:\/\/it.halleykm.md\/ru\/#\/schema\/logo\/image\/\"},\"sameAs\":[\"https:\/\/www.facebook.com\/halleycahul\",\"https:\/\/www.linkedin.com\/in\/halley-knowledge-management-00487120a\/\"]}]}<\/script>\n<!-- \/ Yoast SEO plugin. -->","yoast_head_json":{"title":"Etapele de acordare a serviciilor - Halley Outsourcing","robots":{"index":"index","follow":"follow","max-snippet":"max-snippet:-1","max-image-preview":"max-image-preview:large","max-video-preview":"max-video-preview:-1"},"canonical":"https:\/\/it.halleykm.md\/ru\/etape\/","og_locale":"ru_RU","og_type":"article","og_title":"Etapele de acordare a serviciilor - Halley Outsourcing","og_description":"Etapele de acordare a serviciilor Prestarea serviciilor puse la dispozi\u021bie de Halley KM se realizeaz\u0103 \u00een conformitate cu un plan eficient \u0219i flexibil. Colabor\u0103m \u00eempreun\u0103 cu clien\u021bii no\u0219tri pentru a&hellip;","og_url":"https:\/\/it.halleykm.md\/ru\/etape\/","og_site_name":"Halley Outsourcing","article_publisher":"https:\/\/www.facebook.com\/halleycahul","article_modified_time":"2021-07-02T11:45:10+00:00","twitter_card":"summary_large_image","twitter_misc":{"\u041f\u0440\u0438\u043c\u0435\u0440\u043d\u043e\u0435 \u0432\u0440\u0435\u043c\u044f \u0434\u043b\u044f \u0447\u0442\u0435\u043d\u0438\u044f":"1 \u043c\u0438\u043d\u0443\u0442\u0430"},"schema":{"@context":"https:\/\/schema.org","@graph":[{"@type":"WebPage","@id":"https:\/\/it.halleykm.md\/ru\/etape\/","url":"https:\/\/it.halleykm.md\/ru\/etape\/","name":"Etapele de acordare a serviciilor - Halley Outsourcing","isPartOf":{"@id":"https:\/\/it.halleykm.md\/ru\/#website"},"datePublished":"2021-06-17T13:19:26+00:00","dateModified":"2021-07-02T11:45:10+00:00","breadcrumb":{"@id":"https:\/\/it.halleykm.md\/ru\/etape\/#breadcrumb"},"inLanguage":"ru-RU","potentialAction":[{"@type":"ReadAction","target":["https:\/\/it.halleykm.md\/ru\/etape\/"]}]},{"@type":"BreadcrumbList","@id":"https:\/\/it.halleykm.md\/ru\/etape\/#breadcrumb","itemListElement":[{"@type":"ListItem","position":1,"name":"Prima pagin\u0103","item":"https:\/\/it.halleykm.md\/"},{"@type":"ListItem","position":2,"name":"Etapele de acordare a serviciilor"}]},{"@type":"WebSite","@id":"https:\/\/it.halleykm.md\/ru\/#website","url":"https:\/\/it.halleykm.md\/ru\/","name":"Halley Outsourcing","description":"","publisher":{"@id":"https:\/\/it.halleykm.md\/ru\/#organization"},"potentialAction":[{"@type":"SearchAction","target":{"@type":"EntryPoint","urlTemplate":"https:\/\/it.halleykm.md\/ru\/?s={search_term_string}"},"query-input":{"@type":"PropertyValueSpecification","valueRequired":true,"valueName":"search_term_string"}}],"inLanguage":"ru-RU"},{"@type":"Organization","@id":"https:\/\/it.halleykm.md\/ru\/#organization","name":"Halley Ousourcing","url":"https:\/\/it.halleykm.md\/ru\/","logo":{"@type":"ImageObject","inLanguage":"ru-RU","@id":"https:\/\/it.halleykm.md\/ru\/#\/schema\/logo\/image\/","url":"https:\/\/it.halleykm.md\/wp-content\/uploads\/2021\/06\/cropped-LogoKM-white.png","contentUrl":"https:\/\/it.halleykm.md\/wp-content\/uploads\/2021\/06\/cropped-LogoKM-white.png","width":182,"height":69,"caption":"Halley Ousourcing"},"image":{"@id":"https:\/\/it.halleykm.md\/ru\/#\/schema\/logo\/image\/"},"sameAs":["https:\/\/www.facebook.com\/halleycahul","https:\/\/www.linkedin.com\/in\/halley-knowledge-management-00487120a\/"]}]}},"_links":{"self":[{"href":"https:\/\/it.halleykm.md\/ru\/wp-json\/wp\/v2\/pages\/272","targetHints":{"allow":["GET"]}}],"collection":[{"href":"https:\/\/it.halleykm.md\/ru\/wp-json\/wp\/v2\/pages"}],"about":[{"href":"https:\/\/it.halleykm.md\/ru\/wp-json\/wp\/v2\/types\/page"}],"author":[{"embeddable":true,"href":"https:\/\/it.halleykm.md\/ru\/wp-json\/wp\/v2\/users\/1"}],"replies":[{"embeddable":true,"href":"https:\/\/it.halleykm.md\/ru\/wp-json\/wp\/v2\/comments?post=272"}],"version-history":[{"count":52,"href":"https:\/\/it.halleykm.md\/ru\/wp-json\/wp\/v2\/pages\/272\/revisions"}],"predecessor-version":[{"id":1540,"href":"https:\/\/it.halleykm.md\/ru\/wp-json\/wp\/v2\/pages\/272\/revisions\/1540"}],"wp:attachment":[{"href":"https:\/\/it.halleykm.md\/ru\/wp-json\/wp\/v2\/media?parent=272"}],"curies":[{"name":"wp","href":"https:\/\/api.w.org\/{rel}","templated":true}]}}